{"id":4135,"date":"2017-05-24T10:58:51","date_gmt":"2017-05-24T10:58:51","guid":{"rendered":"http:\/\/iacademy.mikado-themes.com\/?page_id=12"},"modified":"2024-09-03T18:10:25","modified_gmt":"2024-09-03T16:10:25","slug":"home-1","status":"publish","type":"page","link":"https:\/\/cours-piano-senlis.com\/","title":{"rendered":"Home 1"},"content":{"rendered":"<section class=\"wpb-content-wrapper\"><p>[vc_row row_content_width=\u00a0\u00bbgrid\u00a0\u00bb content_text_aligment=\u00a0\u00bbcenter\u00a0\u00bb css=\u00a0\u00bb.vc_custom_1496068058529{padding-top: 130px !important;padding-bottom: 93px !important;}\u00a0\u00bb simple_background_color=\u00a0\u00bb#ffffff\u00a0\u00bb][vc_column width=\u00a0\u00bb1\/2&Prime; offset=\u00a0\u00bbvc_col-md-3&Prime;]<div class=\"mkdf-counter-holder \">\n\t<div class=\"mkdf-counter-inner\">\n\t\t<div class=\"mkdf-counter-icon\">\n\t\t\t    <span class=\"mkdf-icon-shortcode mkdf-normal   \" style=\"margin: 0 0 22px\" data-color=\"#b0aec0\">\n                    <span aria-hidden=\"true\" class=\"mkdf-icon-linear-icons lnr lnr-apartment mkdf-icon-element\" style=\"color: #b0aec0;font-size:48px\" ><\/span>            <\/span>\n\t\t<\/div>\n\t\t\t\t\t<span class=\"mkdf-counter mkdf-zero-counter\" style=\"font-size: 48px\">3<\/span>\n\t\t\t\t\t\t\t<h4 class=\"mkdf-counter-title\" >\n\t\t\t\tSites dans l&#039;oise pour le piano\t\t\t<\/h4>\n\t\t\t\t\t<\/div>\n<\/div>[vc_empty_space height=\u00a0\u00bb30px\u00a0\u00bb][\/vc_column][vc_column width=\u00a0\u00bb1\/2&Prime; offset=\u00a0\u00bbvc_col-md-3&Prime;]<div class=\"mkdf-counter-holder \">\n\t<div class=\"mkdf-counter-inner\">\n\t\t<div class=\"mkdf-counter-icon\">\n\t\t\t    <span class=\"mkdf-icon-shortcode mkdf-normal   \" style=\"margin: 0 0 22px\" data-color=\"#b0aec0\">\n                    <span aria-hidden=\"true\" class=\"mkdf-icon-linear-icons lnr lnr-user mkdf-icon-element\" style=\"color: #b0aec0;font-size:48px\" ><\/span>            <\/span>\n\t\t<\/div>\n\t\t\t\t\t<span class=\"mkdf-counter mkdf-zero-counter\" style=\"font-size: 48px\">4<\/span>\n\t\t\t\t\t\t\t<h4 class=\"mkdf-counter-title\" >\n\t\t\t\tProfesseurs dipl\u00f4m\u00e9s\t\t\t<\/h4>\n\t\t\t\t\t<\/div>\n<\/div>[vc_empty_space height=\u00a0\u00bb30px\u00a0\u00bb][\/vc_column][vc_column width=\u00a0\u00bb1\/2&Prime; offset=\u00a0\u00bbvc_col-md-3&Prime;]<div class=\"mkdf-counter-holder \">\n\t<div class=\"mkdf-counter-inner\">\n\t\t<div class=\"mkdf-counter-icon\">\n\t\t\t    <span class=\"mkdf-icon-shortcode mkdf-normal   \" style=\"margin: 0 0 22px\" data-color=\"#b0aec0\">\n                    <span aria-hidden=\"true\" class=\"mkdf-icon-linear-icons lnr lnr-calendar-full mkdf-icon-element\" style=\"color: #b0aec0;font-size:48px\" ><\/span>            <\/span>\n\t\t<\/div>\n\t\t\t\t\t<span class=\"mkdf-counter mkdf-zero-counter\" style=\"font-size: 48px\">1<\/span>\n\t\t\t\t\t\t\t<h4 class=\"mkdf-counter-title\" >\n\t\t\t\tAgenda partag\u00e9\t\t\t<\/h4>\n\t\t\t\t\t<\/div>\n<\/div>[vc_empty_space height=\u00a0\u00bb30px\u00a0\u00bb][\/vc_column][vc_column width=\u00a0\u00bb1\/2&Prime; offset=\u00a0\u00bbvc_col-md-3&Prime;]<div class=\"mkdf-counter-holder \">\n\t<div class=\"mkdf-counter-inner\">\n\t\t<div class=\"mkdf-counter-icon\">\n\t\t\t    <span class=\"mkdf-icon-shortcode mkdf-normal   \" style=\"margin: 0 0 20px\" data-color=\"#b0aec0\">\n                    <span aria-hidden=\"true\" class=\"mkdf-icon-linear-icons lnr lnr-music-note mkdf-icon-element\" style=\"color: #b0aec0;font-size:50px\" ><\/span>            <\/span>\n\t\t<\/div>\n\t\t\t\t\t<span class=\"mkdf-counter mkdf-zero-counter\" style=\"font-size: 49px\">50<\/span>\n\t\t\t\t\t\t\t<h4 class=\"mkdf-counter-title\" >\n\t\t\t\tEl\u00e8ves \u00e0 l&#039;ann\u00e9e\t\t\t<\/h4>\n\t\t\t\t\t<\/div>\n<\/div>[vc_empty_space height=\u00a0\u00bb30px\u00a0\u00bb][\/vc_column][\/vc_row][vc_row row_content_width=\u00a0\u00bbgrid\u00a0\u00bb simple_background_color=\u00a0\u00bb#ffffff\u00a0\u00bb css=\u00a0\u00bb.vc_custom_1496309239657{padding-top: 130px !important;padding-bottom: 125px !important;}\u00a0\u00bb][vc_column]<div class=\"mkdf-elements-holder   mkdf-one-column  mkdf-responsive-mode-768 \" ><div class=\"mkdf-eh-item  mkdf-width-1-1   \"  data-item-class=\"mkdf-eh-custom-8135\" data-1600=\"0px 15% 0px 0px\" data-1280-1600=\"0px 15% 0px 0px\" data-1024-1280=\"0px 7% 0px 0px\" data-768-1024=\"0px\" data-680-768=\"0px\" data-680=\"0px\">\n\t<div class=\"mkdf-eh-item-inner\">\n\t\t<div class=\"mkdf-eh-item-content mkdf-eh-custom-8135\" style=\"padding: 0px 15% 0px 0px\">\n\t\t\t<div class=\"mkdf-tabs  mkdf-tabs-vertical\">\n\t<ul class=\"mkdf-tabs-nav clearfix\">\n\t\t\t\t\t<li>\n\t\t\t\t\t\t\t\t\t<a href=\"#tab-qui-sommes-nous\">Qui sommes-nous ?<\/a>\n\t\t\t\t\t\t\t<\/li>\n\t\t\t\t\t<li>\n\t\t\t\t\t\t\t\t\t<a href=\"#tab-tarifs-sans-engagement\">Tarifs sans engagement<\/a>\n\t\t\t\t\t\t\t<\/li>\n\t\t\t\t\t<li>\n\t\t\t\t\t\t\t\t\t<a href=\"#tab-un-suivi-personnel\">Un suivi personnel<\/a>\n\t\t\t\t\t\t\t<\/li>\n\t\t\t<\/ul>\n\t<div class=\"mkdf-tab-container\" id=\"tab-qui-sommes-nous-263\">\n            <h2 class=\"mkdf-tab-title\">\n            4 professeurs travaillant en collectif dans l&#039;oise - 60        <\/h2>\n            <div class=\"mkdf-tab-description\">\n        Professeurs dipl\u00f4m\u00e9s sp\u00e9cialistes du piano, nous sommes install\u00e9s dans l&#039;oise pour vous proposer des cours priv\u00e9s \u00e0 la carte    <\/div>\n        <div class=\"mkdf-tab-content-holder\">\n        <div class=\"mkdf-tab-content\">\n            <div class=\"mkdf-icon-list-holder \" >\n\t<div class=\"mkdf-il-icon-holder\">\n\t\t<span aria-hidden=\"true\" class=\"mkdf-icon-font-elegant icon_check \" style=\"color: #40c4ff;font-size: 18px\"><\/span>\t<\/div>\n\t<p class=\"mkdf-il-text\" style=\"font-size: 17px\">Le\u00e7ons priv\u00e9es de piano \u00e0 Senlis (60300)<\/p>\n<\/div><div class=\"mkdf-icon-list-holder \" >\n\t<div class=\"mkdf-il-icon-holder\">\n\t\t<span aria-hidden=\"true\" class=\"mkdf-icon-font-elegant icon_check \" style=\"color: #40c4ff;font-size: 18px\"><\/span>\t<\/div>\n\t<p class=\"mkdf-il-text\" style=\"font-size: 17px\">Le\u00e7ons priv\u00e9es de piano et de solf\u00e8ge dans l&#039;Oise<\/p>\n<\/div><div class=\"mkdf-icon-list-holder \" >\n\t<div class=\"mkdf-il-icon-holder\">\n\t\t<span aria-hidden=\"true\" class=\"mkdf-icon-font-elegant icon_check \" style=\"color: #40c4ff;font-size: 18px\"><\/span>\t<\/div>\n\t<p class=\"mkdf-il-text\" style=\"font-size: 17px\">Des instruments de musique de haut niveau<\/p>\n<\/div><div class=\"mkdf-icon-list-holder \" >\n\t<div class=\"mkdf-il-icon-holder\">\n\t\t<span aria-hidden=\"true\" class=\"mkdf-icon-font-elegant icon_check \" style=\"color: #40c4ff;font-size: 18px\"><\/span>\t<\/div>\n\t<p class=\"mkdf-il-text\" style=\"font-size: 17px\">Des \u00e9l\u00e8ves satisfaits et fid\u00e8les<\/p>\n<\/div>        <\/div>\n        <div class=\"mkdf-tab-image\">\n            <img loading=\"lazy\" decoding=\"async\" width=\"194\" height=\"191\" src=\"https:\/\/cours-piano-senlis.com\/wp-content\/uploads\/2017\/05\/h12-tabs-icon-6.png\" class=\"attachment-full size-full\" alt=\"qui sommes nous\" \/>        <\/div>\n    <\/div>\n<\/div><div class=\"mkdf-tab-container\" id=\"tab-tarifs-sans-engagement-680\">\n            <h2 class=\"mkdf-tab-title\">\n            El\u00e8ve \u00e0 l&#039;ann\u00e9e ou cours ponctuels, un tarif accessible \u00e0 tous        <\/h2>\n            <div class=\"mkdf-tab-content-holder\">\n        <div class=\"mkdf-tab-content\">\n            <div class=\"mkdf-icon-list-holder \" >\n\t<div class=\"mkdf-il-icon-holder\">\n\t\t<span aria-hidden=\"true\" class=\"mkdf-icon-font-elegant icon_check \" style=\"color: #40c4ff;font-size: 18px\"><\/span>\t<\/div>\n\t<p class=\"mkdf-il-text\" style=\"font-size: 17px\">35 \u20ac de l&#039;heure pour les d\u00e9butants et interm\u00e9diaires sans engagement sur la dur\u00e9e<\/p>\n<\/div><div class=\"mkdf-icon-list-holder \" >\n\t<div class=\"mkdf-il-icon-holder\">\n\t\t<span aria-hidden=\"true\" class=\"mkdf-icon-font-elegant icon_check \" style=\"color: #40c4ff;font-size: 18px\"><\/span>\t<\/div>\n\t<p class=\"mkdf-il-text\" style=\"font-size: 17px\">45 \u20ac de l&#039;heure pours les pr\u00e9parations de concours, examens d&#039;entr\u00e9e au conservatoire<\/p>\n<\/div><div class=\"mkdf-icon-list-holder \" >\n\t<div class=\"mkdf-il-icon-holder\">\n\t\t<span aria-hidden=\"true\" class=\"mkdf-icon-font-elegant icon_check \" style=\"color: #40c4ff;font-size: 18px\"><\/span>\t<\/div>\n\t<p class=\"mkdf-il-text\" style=\"font-size: 17px\">45 \u20ac de l&#039;heure pour les stages de courte dur\u00e9e de moins d&#039;un mois durant les p\u00e9riodes scolaires ou vacances<\/p>\n<\/div><div class=\"mkdf-icon-list-holder \" >\n\t<div class=\"mkdf-il-icon-holder\">\n\t\t<span aria-hidden=\"true\" class=\"mkdf-icon-font-elegant icon_check \" style=\"color: #40c4ff;font-size: 18px\"><\/span>\t<\/div>\n\t<p class=\"mkdf-il-text\" style=\"font-size: 17px\">Nous consulter pour toutes demandes sp\u00e9cifiques<\/p>\n<\/div>        <\/div>\n        <div class=\"mkdf-tab-image\">\n            <img loading=\"lazy\" decoding=\"async\" width=\"78\" height=\"68\" src=\"https:\/\/cours-piano-senlis.com\/wp-content\/uploads\/2017\/05\/h5-custom-icon-5.png\" class=\"attachment-full size-full\" alt=\"tarifs\" \/>        <\/div>\n    <\/div>\n<\/div><div class=\"mkdf-tab-container\" id=\"tab-un-suivi-personnel-256\">\n            <h1 class=\"mkdf-tab-title\">\n            Une approche personnalis\u00e9e, une exigence dans la progression        <\/h1>\n            <div class=\"mkdf-tab-content-holder\">\n        <div class=\"mkdf-tab-content\">\n            <div class=\"mkdf-icon-list-holder \" >\n\t<div class=\"mkdf-il-icon-holder\">\n\t\t<span aria-hidden=\"true\" class=\"mkdf-icon-font-elegant icon_check \" style=\"color: #40c4ff;font-size: 18px\"><\/span>\t<\/div>\n\t<p class=\"mkdf-il-text\" style=\"font-size: 17px\">Des cours individuels adapt\u00e9s<\/p>\n<\/div><div class=\"mkdf-icon-list-holder \" >\n\t<div class=\"mkdf-il-icon-holder\">\n\t\t<span aria-hidden=\"true\" class=\"mkdf-icon-font-elegant icon_check \" style=\"color: #40c4ff;font-size: 18px\"><\/span>\t<\/div>\n\t<p class=\"mkdf-il-text\" style=\"font-size: 17px\">Des exercices \u00e0 pratiquer en autonomie<\/p>\n<\/div><div class=\"mkdf-icon-list-holder \" >\n\t<div class=\"mkdf-il-icon-holder\">\n\t\t<span aria-hidden=\"true\" class=\"mkdf-icon-font-elegant icon_check \" style=\"color: #40c4ff;font-size: 18px\"><\/span>\t<\/div>\n\t<p class=\"mkdf-il-text\" style=\"font-size: 17px\">Contr\u00f4le r\u00e9el de la progression de l&#039;\u00e9l\u00e8ve avec des actions et du suivi<\/p>\n<\/div>        <\/div>\n        <div class=\"mkdf-tab-image\">\n            <img loading=\"lazy\" decoding=\"async\" width=\"285\" height=\"640\" src=\"https:\/\/cours-piano-senlis.com\/wp-content\/uploads\/2024\/07\/clef-1414107_640.png\" class=\"attachment-full size-full\" alt=\"\" srcset=\"https:\/\/cours-piano-senlis.com\/wp-content\/uploads\/2024\/07\/clef-1414107_640.png 285w, https:\/\/cours-piano-senlis.com\/wp-content\/uploads\/2024\/07\/clef-1414107_640-134x300.png 134w\" sizes=\"auto, (max-width: 285px) 100vw, 285px\" \/>        <\/div>\n    <\/div>\n<\/div><\/div>\t\t<\/div>\n\t<\/div>\n<\/div><\/div>[\/vc_column][\/vc_row][vc_row][vc_column]<div class=\"mkdf-separator-holder clearfix  mkdf-separator-center mkdf-separator-full-width\">\n\t<div class=\"mkdf-separator\" style=\"border-color: #ebebeb;border-bottom-width: 1px;margin-top: 0px;margin-bottom: 0px\"><\/div>\n<\/div>\n[\/vc_column][\/vc_row][vc_row simple_background_color=\u00a0\u00bb#ffffff\u00a0\u00bb][vc_column]<div class=\"mkdf-separator-holder clearfix  mkdf-separator-center mkdf-separator-full-width\">\n\t<div class=\"mkdf-separator\" style=\"border-color: #ebebeb;border-bottom-width: 1px;margin-top: 0px;margin-bottom: 0px\"><\/div>\n<\/div>\n[\/vc_column][\/vc_row]<\/p>\n<\/section>","protected":false},"excerpt":{"rendered":"<p>[vc_row row_content_width=\u00a0\u00bbgrid\u00a0\u00bb content_text_aligment=\u00a0\u00bbcenter\u00a0\u00bb css=\u00a0\u00bb.vc_custom_1496068058529{padding-top: 130px !important;padding-bottom: 93px !important;}\u00a0\u00bb simple_background_color=\u00a0\u00bb#ffffff\u00a0\u00bb][vc_column width=\u00a0\u00bb1\/2&Prime; offset=\u00a0\u00bbvc_col-md-3&Prime;][vc_empty_space height=\u00a0\u00bb30px\u00a0\u00bb][\/vc_column][vc_column width=\u00a0\u00bb1\/2&Prime; offset=\u00a0\u00bbvc_col-md-3&Prime;][vc_empty_space height=\u00a0\u00bb30px\u00a0\u00bb][\/vc_column][vc_column width=\u00a0\u00bb1\/2&Prime; offset=\u00a0\u00bbvc_col-md-3&Prime;][vc_empty_space height=\u00a0\u00bb30px\u00a0\u00bb][\/vc_column][vc_column width=\u00a0\u00bb1\/2&Prime; offset=\u00a0\u00bbvc_col-md-3&Prime;][vc_empty_space height=\u00a0\u00bb30px\u00a0\u00bb][\/vc_column][\/vc_row][vc_row row_content_width=\u00a0\u00bbgrid\u00a0\u00bb simple_background_color=\u00a0\u00bb#ffffff\u00a0\u00bb css=\u00a0\u00bb.vc_custom_1496309239657{padding-top: 130px !important;padding-bottom: 125px !important;}\u00a0\u00bb][vc_column][\/vc_column][\/vc_row][vc_row][vc_column][\/vc_column][\/vc_row][vc_row simple_background_color=\u00a0\u00bb#ffffff\u00a0\u00bb][vc_column][\/vc_column][\/vc_row]<\/p>\n","protected":false},"author":1,"featured_media":0,"parent":0,"menu_order":0,"comment_status":"closed","ping_status":"closed","template":"full-width.php","meta":{"_bbp_topic_count":0,"_bbp_reply_count":0,"_bbp_total_topic_count":0,"_bbp_total_reply_count":0,"_bbp_voice_count":0,"_bbp_anonymous_reply_count":0,"_bbp_topic_count_hidden":0,"_bbp_reply_count_hidden":0,"_bbp_forum_subforum_count":0,"footnotes":""},"class_list":["post-4135","page","type-page","status-publish","hentry"],"yoast_head":"<!-- This site is optimized with the Yoast SEO plugin v23.0 - https:\/\/yoast.com\/wordpress\/plugins\/seo\/ -->\n<title>Cours individuels de piano \u00e0 Senlis, Oise (60)<\/title>\n<meta name=\"description\" content=\"Professeurs de piano \u00e0 Senlis, Oise (60300), Rendez-vous avec votre coach pour d\u00e9marrer les le\u00e7ons de piano classique ou moderne jazz\" \/>\n<meta name=\"robots\" content=\"index, follow, max-snippet:-1, max-image-preview:large, max-video-preview:-1\" \/>\n<link rel=\"canonical\" href=\"https:\/\/cours-piano-senlis.com\/\" \/>\n<meta property=\"og:locale\" content=\"fr_FR\" \/>\n<meta property=\"og:type\" content=\"article\" \/>\n<meta property=\"og:title\" content=\"Cours individuels de piano \u00e0 Senlis, Oise (60)\" \/>\n<meta property=\"og:description\" content=\"Professeurs de piano \u00e0 Senlis, Oise (60300), Rendez-vous avec votre coach pour d\u00e9marrer les le\u00e7ons de piano classique ou moderne jazz\" \/>\n<meta property=\"og:url\" content=\"https:\/\/cours-piano-senlis.com\/\" \/>\n<meta property=\"og:site_name\" content=\"Cours piano \u00e0 Senlis\" \/>\n<meta property=\"article:modified_time\" content=\"2024-09-03T16:10:25+00:00\" \/>\n<meta name=\"twitter:card\" content=\"summary_large_image\" \/>\n<meta name=\"twitter:label1\" content=\"Dur\u00e9e de lecture estim\u00e9e\" \/>\n\t<meta name=\"twitter:data1\" content=\"2 minutes\" \/>\n<script type=\"application\/ld+json\" class=\"yoast-schema-graph\">{\"@context\":\"https:\/\/schema.org\",\"@graph\":[{\"@type\":\"WebPage\",\"@id\":\"https:\/\/cours-piano-senlis.com\/\",\"url\":\"https:\/\/cours-piano-senlis.com\/\",\"name\":\"Cours individuels de piano \u00e0 Senlis, Oise (60)\",\"isPartOf\":{\"@id\":\"https:\/\/cours-piano-senlis.com\/#website\"},\"datePublished\":\"2017-05-24T10:58:51+00:00\",\"dateModified\":\"2024-09-03T16:10:25+00:00\",\"description\":\"Professeurs de piano \u00e0 Senlis, Oise (60300), Rendez-vous avec votre coach pour d\u00e9marrer les le\u00e7ons de piano classique ou moderne jazz\",\"breadcrumb\":{\"@id\":\"https:\/\/cours-piano-senlis.com\/#breadcrumb\"},\"inLanguage\":\"fr-FR\",\"potentialAction\":[{\"@type\":\"ReadAction\",\"target\":[\"https:\/\/cours-piano-senlis.com\/\"]}]},{\"@type\":\"BreadcrumbList\",\"@id\":\"https:\/\/cours-piano-senlis.com\/#breadcrumb\",\"itemListElement\":[{\"@type\":\"ListItem\",\"position\":1,\"name\":\"Accueil\",\"item\":\"https:\/\/cours-piano-senlis.com\/\"},{\"@type\":\"ListItem\",\"position\":2,\"name\":\"Home 1\"}]},{\"@type\":\"WebSite\",\"@id\":\"https:\/\/cours-piano-senlis.com\/#website\",\"url\":\"https:\/\/cours-piano-senlis.com\/\",\"name\":\"Cours piano Senlis\",\"description\":\"Apprendre le piano \u00e0 votre rythme\",\"publisher\":{\"@id\":\"https:\/\/cours-piano-senlis.com\/#organization\"},\"potentialAction\":[{\"@type\":\"SearchAction\",\"target\":{\"@type\":\"EntryPoint\",\"urlTemplate\":\"https:\/\/cours-piano-senlis.com\/?s={search_term_string}\"},\"query-input\":\"required name=search_term_string\"}],\"inLanguage\":\"fr-FR\"},{\"@type\":\"Organization\",\"@id\":\"https:\/\/cours-piano-senlis.com\/#organization\",\"name\":\"Cours piano Senlis\",\"url\":\"https:\/\/cours-piano-senlis.com\/\",\"logo\":{\"@type\":\"ImageObject\",\"inLanguage\":\"fr-FR\",\"@id\":\"https:\/\/cours-piano-senlis.com\/#\/schema\/logo\/image\/\",\"url\":\"https:\/\/cours-piano-senlis.com\/wp-content\/uploads\/2024\/07\/logo-piano.png\",\"contentUrl\":\"https:\/\/cours-piano-senlis.com\/wp-content\/uploads\/2024\/07\/logo-piano.png\",\"width\":200,\"height\":40,\"caption\":\"Cours piano Senlis\"},\"image\":{\"@id\":\"https:\/\/cours-piano-senlis.com\/#\/schema\/logo\/image\/\"}}]}<\/script>\n<!-- \/ Yoast SEO plugin. -->","yoast_head_json":{"title":"Cours individuels de piano \u00e0 Senlis, Oise (60)","description":"Professeurs de piano \u00e0 Senlis, Oise (60300), Rendez-vous avec votre coach pour d\u00e9marrer les le\u00e7ons de piano classique ou moderne jazz","robots":{"index":"index","follow":"follow","max-snippet":"max-snippet:-1","max-image-preview":"max-image-preview:large","max-video-preview":"max-video-preview:-1"},"canonical":"https:\/\/cours-piano-senlis.com\/","og_locale":"fr_FR","og_type":"article","og_title":"Cours individuels de piano \u00e0 Senlis, Oise (60)","og_description":"Professeurs de piano \u00e0 Senlis, Oise (60300), Rendez-vous avec votre coach pour d\u00e9marrer les le\u00e7ons de piano classique ou moderne jazz","og_url":"https:\/\/cours-piano-senlis.com\/","og_site_name":"Cours piano \u00e0 Senlis","article_modified_time":"2024-09-03T16:10:25+00:00","twitter_card":"summary_large_image","twitter_misc":{"Dur\u00e9e de lecture estim\u00e9e":"2 minutes"},"schema":{"@context":"https:\/\/schema.org","@graph":[{"@type":"WebPage","@id":"https:\/\/cours-piano-senlis.com\/","url":"https:\/\/cours-piano-senlis.com\/","name":"Cours individuels de piano \u00e0 Senlis, Oise (60)","isPartOf":{"@id":"https:\/\/cours-piano-senlis.com\/#website"},"datePublished":"2017-05-24T10:58:51+00:00","dateModified":"2024-09-03T16:10:25+00:00","description":"Professeurs de piano \u00e0 Senlis, Oise (60300), Rendez-vous avec votre coach pour d\u00e9marrer les le\u00e7ons de piano classique ou moderne jazz","breadcrumb":{"@id":"https:\/\/cours-piano-senlis.com\/#breadcrumb"},"inLanguage":"fr-FR","potentialAction":[{"@type":"ReadAction","target":["https:\/\/cours-piano-senlis.com\/"]}]},{"@type":"BreadcrumbList","@id":"https:\/\/cours-piano-senlis.com\/#breadcrumb","itemListElement":[{"@type":"ListItem","position":1,"name":"Accueil","item":"https:\/\/cours-piano-senlis.com\/"},{"@type":"ListItem","position":2,"name":"Home 1"}]},{"@type":"WebSite","@id":"https:\/\/cours-piano-senlis.com\/#website","url":"https:\/\/cours-piano-senlis.com\/","name":"Cours piano Senlis","description":"Apprendre le piano \u00e0 votre rythme","publisher":{"@id":"https:\/\/cours-piano-senlis.com\/#organization"},"potentialAction":[{"@type":"SearchAction","target":{"@type":"EntryPoint","urlTemplate":"https:\/\/cours-piano-senlis.com\/?s={search_term_string}"},"query-input":"required name=search_term_string"}],"inLanguage":"fr-FR"},{"@type":"Organization","@id":"https:\/\/cours-piano-senlis.com\/#organization","name":"Cours piano Senlis","url":"https:\/\/cours-piano-senlis.com\/","logo":{"@type":"ImageObject","inLanguage":"fr-FR","@id":"https:\/\/cours-piano-senlis.com\/#\/schema\/logo\/image\/","url":"https:\/\/cours-piano-senlis.com\/wp-content\/uploads\/2024\/07\/logo-piano.png","contentUrl":"https:\/\/cours-piano-senlis.com\/wp-content\/uploads\/2024\/07\/logo-piano.png","width":200,"height":40,"caption":"Cours piano Senlis"},"image":{"@id":"https:\/\/cours-piano-senlis.com\/#\/schema\/logo\/image\/"}}]}},"_links":{"self":[{"href":"https:\/\/cours-piano-senlis.com\/index.php\/wp-json\/wp\/v2\/pages\/4135","targetHints":{"allow":["GET"]}}],"collection":[{"href":"https:\/\/cours-piano-senlis.com\/index.php\/wp-json\/wp\/v2\/pages"}],"about":[{"href":"https:\/\/cours-piano-senlis.com\/index.php\/wp-json\/wp\/v2\/types\/page"}],"author":[{"embeddable":true,"href":"https:\/\/cours-piano-senlis.com\/index.php\/wp-json\/wp\/v2\/users\/1"}],"replies":[{"embeddable":true,"href":"https:\/\/cours-piano-senlis.com\/index.php\/wp-json\/wp\/v2\/comments?post=4135"}],"version-history":[{"count":44,"href":"https:\/\/cours-piano-senlis.com\/index.php\/wp-json\/wp\/v2\/pages\/4135\/revisions"}],"predecessor-version":[{"id":4561,"href":"https:\/\/cours-piano-senlis.com\/index.php\/wp-json\/wp\/v2\/pages\/4135\/revisions\/4561"}],"wp:attachment":[{"href":"https:\/\/cours-piano-senlis.com\/index.php\/wp-json\/wp\/v2\/media?parent=4135"}],"curies":[{"name":"wp","href":"https:\/\/api.w.org\/{rel}","templated":true}]}}