{"id":4432,"date":"2024-07-20T22:16:58","date_gmt":"2024-07-20T20:16:58","guid":{"rendered":"https:\/\/cours-piano-senlis.com\/?page_id=4432"},"modified":"2024-07-25T18:39:45","modified_gmt":"2024-07-25T16:39:45","slug":"approche","status":"publish","type":"page","link":"https:\/\/cours-piano-senlis.com\/index.php\/approche\/","title":{"rendered":"Approche"},"content":{"rendered":"<section class=\"wpb-content-wrapper\"><p>[vc_row row_content_width=\u00a0\u00bbgrid\u00a0\u00bb content_text_aligment=\u00a0\u00bbleft\u00a0\u00bb simple_background_color=\u00a0\u00bb#ffffff\u00a0\u00bb css=\u00a0\u00bb.vc_custom_1497446239499{padding-top: 63px !important;padding-bottom: 63px !important;}\u00a0\u00bb][vc_column]<div class=\"mkdf-elements-holder   mkdf-two-columns  mkdf-responsive-mode-1024 mkdf-one-column-alignment-left\" ><div class=\"mkdf-eh-item  mkdf-width-1-1   \"  data-item-class=\"mkdf-eh-custom-2964\" data-1600=\"0 0% 0 0\" data-1280-1600=\"0 18% 0 0\" data-1024-1280=\"30px 18% 0 0\" data-768-1024=\"0 18% 0 0\" data-680-768=\"0 18% 0 0\" data-680=\"0 0% 0 0\">\n\t<div class=\"mkdf-eh-item-inner\">\n\t\t<div class=\"mkdf-eh-item-content mkdf-eh-custom-2964\" style=\"padding: 0 0% 0 0\">\n\t\t\t[vc_single_image image=\u00a0\u00bb4499&Prime; img_size=\u00a0\u00bb541*400&Prime; alignment=\u00a0\u00bbcenter\u00a0\u00bb][vc_empty_space height=\u00a0\u00bb35px\u00a0\u00bb]\t\t<\/div>\n\t<\/div>\n<\/div><div class=\"mkdf-eh-item  mkdf-width-1-1   \"  data-item-class=\"mkdf-eh-custom-5742\" data-1600=\"0 0% 0 0\" data-1280-1600=\"0 18% 0 0\" data-1024-1280=\"30px 18% 0 0\" data-768-1024=\"0 18% 0 0\" data-680-768=\"0 18% 0 0\" data-680=\"0 0% 0 0\">\n\t<div class=\"mkdf-eh-item-inner\">\n\t\t<div class=\"mkdf-eh-item-content mkdf-eh-custom-5742\" style=\"padding: 0 0% 0 0\">\n\t\t\t<div class=\"mkdf-section-title-holder  mkdf-st-standard mkdf-st-title-left mkdf-st-normal-space \" style=\"text-align: left\">\n\t<div class=\"mkdf-st-inner\">\n\t\t\t\t\t<h2 class=\"mkdf-st-title\" >\n\t\t\t\tPrendre du plaisir \u00e0 apprendre le piano\t\t\t<\/h2>\n\t\t\t\t\t<\/div>\n<\/div>[vc_column_text]L\u2019objectif d\u2019une le\u00e7on de piano est d\u2019abord une question d\u2019envie et de plaisir. Avancer, apprendre \u00e0 faire mieux, devenir plus technique, d\u00e9chiffrer les partitions sont des actions li\u00e9es \u00e0 un seul moteur &#8211; celui de l\u2019envie\u00a0!<\/p>\n<p>Ensemble, professeur de piano et \u00e9l\u00e8ve, nous devons veiller \u00e0 ce que cette petite flamme qui est l\u2019envie ne disparaisse pas au fil du temps.[\/vc_column_text][vc_empty_space height=\u00a0\u00bb35px\u00a0\u00bb]\t\t<\/div>\n\t<\/div>\n<\/div><\/div><div class=\"mkdf-elements-holder   mkdf-two-columns  mkdf-responsive-mode-1024 mkdf-one-column-alignment-left\" ><div class=\"mkdf-eh-item  mkdf-width-1-1   \"  data-item-class=\"mkdf-eh-custom-3300\" data-1600=\"0 0% 0 0\" data-1280-1600=\"0 18% 0 0\" data-1024-1280=\"30px 18% 0 0\" data-768-1024=\"0 18% 0 0\" data-680-768=\"0 18% 0 0\" data-680=\"0 0% 0 0\">\n\t<div class=\"mkdf-eh-item-inner\">\n\t\t<div class=\"mkdf-eh-item-content mkdf-eh-custom-3300\" style=\"padding: 0 0% 0 0\">\n\t\t\t<div class=\"mkdf-section-title-holder  mkdf-st-standard mkdf-st-title-left mkdf-st-normal-space \" style=\"text-align: left\">\n\t<div class=\"mkdf-st-inner\">\n\t\t\t\t\t<h2 class=\"mkdf-st-title\" >\n\t\t\t\tL'exigence\t\t\t<\/h2>\n\t\t\t\t\t<\/div>\n<\/div>[vc_column_text]Apprendre \u00e0 jouer d&rsquo;un instrument, en particulier du piano, n\u00e9cessite une technique tr\u00e8s solide. Seule l\u2019exigence, d\u2019abord avec soi-m\u00eame et ensuite dans la relation enseignant \u2013 \u00e9l\u00e8ve, permet de gravir le chemin de l\u2019apprentissage.<\/p>\n<p>Notre approche c&rsquo;est avant tout de vous accompagner avec r\u00e9gularit\u00e9 et encadrement adapt\u00e9.[\/vc_column_text][vc_empty_space height=\u00a0\u00bb35px\u00a0\u00bb]\t\t<\/div>\n\t<\/div>\n<\/div><div class=\"mkdf-eh-item  mkdf-width-1-1   \"  data-item-class=\"mkdf-eh-custom-4808\" data-1600=\"0 0% 0 0\" data-1280-1600=\"0 18% 0 0\" data-1024-1280=\"30px 18% 0 0\" data-768-1024=\"0 18% 0 0\" data-680-768=\"0 18% 0 0\" data-680=\"0 0% 0 0\">\n\t<div class=\"mkdf-eh-item-inner\">\n\t\t<div class=\"mkdf-eh-item-content mkdf-eh-custom-4808\" style=\"padding: 0 0% 0 0\">\n\t\t\t[vc_single_image image=\u00a0\u00bb4503&Prime; img_size=\u00a0\u00bb541*400&Prime; alignment=\u00a0\u00bbcenter\u00a0\u00bb][vc_empty_space height=\u00a0\u00bb35px\u00a0\u00bb]\t\t<\/div>\n\t<\/div>\n<\/div><\/div><div class=\"mkdf-elements-holder   mkdf-two-columns  mkdf-responsive-mode-1024 mkdf-one-column-alignment-left\" ><div class=\"mkdf-eh-item  mkdf-width-1-1   \"  data-item-class=\"mkdf-eh-custom-2040\" data-1600=\"0 0% 0 0\" data-1280-1600=\"0 18% 0 0\" data-1024-1280=\"30px 18% 0 0\" data-768-1024=\"0 18% 0 0\" data-680-768=\"0 18% 0 0\" data-680=\"0 0% 0 0\">\n\t<div class=\"mkdf-eh-item-inner\">\n\t\t<div class=\"mkdf-eh-item-content mkdf-eh-custom-2040\" style=\"padding: 0 0% 0 0\">\n\t\t\t[vc_single_image image=\u00a0\u00bb4501&Prime; img_size=\u00a0\u00bb541*400&Prime; alignment=\u00a0\u00bbcenter\u00a0\u00bb][vc_empty_space height=\u00a0\u00bb35px\u00a0\u00bb]\t\t<\/div>\n\t<\/div>\n<\/div><div class=\"mkdf-eh-item  mkdf-width-1-1   \"  data-item-class=\"mkdf-eh-custom-5926\" data-1600=\"0 0% 0 0\" data-1280-1600=\"0 18% 0 0\" data-1024-1280=\"30px 18% 0 0\" data-768-1024=\"0 18% 0 0\" data-680-768=\"0 18% 0 0\" data-680=\"0 0% 0 0\">\n\t<div class=\"mkdf-eh-item-inner\">\n\t\t<div class=\"mkdf-eh-item-content mkdf-eh-custom-5926\" style=\"padding: 0 0% 0 0\">\n\t\t\t<div class=\"mkdf-section-title-holder  mkdf-st-standard mkdf-st-title-left mkdf-st-normal-space \" style=\"text-align: left\">\n\t<div class=\"mkdf-st-inner\">\n\t\t\t\t\t<h2 class=\"mkdf-st-title\" >\n\t\t\t\tObjectif \u00e9volutif\t\t\t<\/h2>\n\t\t\t\t\t<\/div>\n<\/div>[vc_column_text]Votre parcours de progression s\u2019adapter \u00e0 votre niveau initial et vos objectifs. Que vous appreniez \u00e0 faire du piano uniquement pour vous-m\u00eame ou que vous soyez attir\u00e9 pour une carri\u00e8re professionnelle et le conservatoire, le tout est de d\u00e9finir ensemble pour atteindre votre objectif.[\/vc_column_text][vc_empty_space height=\u00a0\u00bb35px\u00a0\u00bb]\t\t<\/div>\n\t<\/div>\n<\/div><\/div>[\/vc_column][\/vc_row]<\/p>\n<\/section>","protected":false},"excerpt":{"rendered":"<p>[vc_row row_content_width=\u00a0\u00bbgrid\u00a0\u00bb content_text_aligment=\u00a0\u00bbleft\u00a0\u00bb simple_background_color=\u00a0\u00bb#ffffff\u00a0\u00bb css=\u00a0\u00bb.vc_custom_1497446239499{padding-top: 63px !important;padding-bottom: 63px !important;}\u00a0\u00bb][vc_column][\/vc_column][\/vc_row]<\/p>\n","protected":false},"author":1,"featured_media":0,"parent":0,"menu_order":0,"comment_status":"closed","ping_status":"closed","template":"full-width.php","meta":{"_bbp_topic_count":0,"_bbp_reply_count":0,"_bbp_total_topic_count":0,"_bbp_total_reply_count":0,"_bbp_voice_count":0,"_bbp_anonymous_reply_count":0,"_bbp_topic_count_hidden":0,"_bbp_reply_count_hidden":0,"_bbp_forum_subforum_count":0,"footnotes":""},"class_list":["post-4432","page","type-page","status-publish","hentry"],"yoast_head":"<!-- This site is optimized with the Yoast SEO plugin v23.0 - https:\/\/yoast.com\/wordpress\/plugins\/seo\/ -->\n<title>Pour vous le\u00e7ons individuelles de piano \u00e0 Senlis, voici notre fonctionnement<\/title>\n<meta name=\"description\" content=\"Prendre du plaisir pour tous vos cours de piano priv\u00e9s \u00e0 Senlis dans l&#039;Oise. Plusieurs enseignants pour vous accompagner\" \/>\n<meta name=\"robots\" content=\"index, follow, max-snippet:-1, max-image-preview:large, max-video-preview:-1\" \/>\n<link rel=\"canonical\" href=\"https:\/\/cours-piano-senlis.com\/index.php\/approche\/\" \/>\n<meta property=\"og:locale\" content=\"fr_FR\" \/>\n<meta property=\"og:type\" content=\"article\" \/>\n<meta property=\"og:title\" content=\"Pour vous le\u00e7ons individuelles de piano \u00e0 Senlis, voici notre fonctionnement\" \/>\n<meta property=\"og:description\" content=\"Prendre du plaisir pour tous vos cours de piano priv\u00e9s \u00e0 Senlis dans l&#039;Oise. Plusieurs enseignants pour vous accompagner\" \/>\n<meta property=\"og:url\" content=\"https:\/\/cours-piano-senlis.com\/index.php\/approche\/\" \/>\n<meta property=\"og:site_name\" content=\"Cours piano \u00e0 Senlis\" \/>\n<meta property=\"article:modified_time\" content=\"2024-07-25T16:39:45+00:00\" \/>\n<meta name=\"twitter:card\" content=\"summary_large_image\" \/>\n<meta name=\"twitter:label1\" content=\"Dur\u00e9e de lecture estim\u00e9e\" \/>\n\t<meta name=\"twitter:data1\" content=\"2 minutes\" \/>\n<script type=\"application\/ld+json\" class=\"yoast-schema-graph\">{\"@context\":\"https:\/\/schema.org\",\"@graph\":[{\"@type\":\"WebPage\",\"@id\":\"https:\/\/cours-piano-senlis.com\/index.php\/approche\/\",\"url\":\"https:\/\/cours-piano-senlis.com\/index.php\/approche\/\",\"name\":\"Pour vous le\u00e7ons individuelles de piano \u00e0 Senlis, voici notre fonctionnement\",\"isPartOf\":{\"@id\":\"https:\/\/cours-piano-senlis.com\/#website\"},\"datePublished\":\"2024-07-20T20:16:58+00:00\",\"dateModified\":\"2024-07-25T16:39:45+00:00\",\"description\":\"Prendre du plaisir pour tous vos cours de piano priv\u00e9s \u00e0 Senlis dans l'Oise. Plusieurs enseignants pour vous accompagner\",\"breadcrumb\":{\"@id\":\"https:\/\/cours-piano-senlis.com\/index.php\/approche\/#breadcrumb\"},\"inLanguage\":\"fr-FR\",\"potentialAction\":[{\"@type\":\"ReadAction\",\"target\":[\"https:\/\/cours-piano-senlis.com\/index.php\/approche\/\"]}]},{\"@type\":\"BreadcrumbList\",\"@id\":\"https:\/\/cours-piano-senlis.com\/index.php\/approche\/#breadcrumb\",\"itemListElement\":[{\"@type\":\"ListItem\",\"position\":1,\"name\":\"Accueil\",\"item\":\"https:\/\/cours-piano-senlis.com\/\"},{\"@type\":\"ListItem\",\"position\":2,\"name\":\"Approche\"}]},{\"@type\":\"WebSite\",\"@id\":\"https:\/\/cours-piano-senlis.com\/#website\",\"url\":\"https:\/\/cours-piano-senlis.com\/\",\"name\":\"Cours piano Senlis\",\"description\":\"Apprendre le piano \u00e0 votre rythme\",\"publisher\":{\"@id\":\"https:\/\/cours-piano-senlis.com\/#organization\"},\"potentialAction\":[{\"@type\":\"SearchAction\",\"target\":{\"@type\":\"EntryPoint\",\"urlTemplate\":\"https:\/\/cours-piano-senlis.com\/?s={search_term_string}\"},\"query-input\":\"required name=search_term_string\"}],\"inLanguage\":\"fr-FR\"},{\"@type\":\"Organization\",\"@id\":\"https:\/\/cours-piano-senlis.com\/#organization\",\"name\":\"Cours piano Senlis\",\"url\":\"https:\/\/cours-piano-senlis.com\/\",\"logo\":{\"@type\":\"ImageObject\",\"inLanguage\":\"fr-FR\",\"@id\":\"https:\/\/cours-piano-senlis.com\/#\/schema\/logo\/image\/\",\"url\":\"https:\/\/cours-piano-senlis.com\/wp-content\/uploads\/2024\/07\/logo-piano.png\",\"contentUrl\":\"https:\/\/cours-piano-senlis.com\/wp-content\/uploads\/2024\/07\/logo-piano.png\",\"width\":200,\"height\":40,\"caption\":\"Cours piano Senlis\"},\"image\":{\"@id\":\"https:\/\/cours-piano-senlis.com\/#\/schema\/logo\/image\/\"}}]}<\/script>\n<!-- \/ Yoast SEO plugin. -->","yoast_head_json":{"title":"Pour vous le\u00e7ons individuelles de piano \u00e0 Senlis, voici notre fonctionnement","description":"Prendre du plaisir pour tous vos cours de piano priv\u00e9s \u00e0 Senlis dans l'Oise. Plusieurs enseignants pour vous accompagner","robots":{"index":"index","follow":"follow","max-snippet":"max-snippet:-1","max-image-preview":"max-image-preview:large","max-video-preview":"max-video-preview:-1"},"canonical":"https:\/\/cours-piano-senlis.com\/index.php\/approche\/","og_locale":"fr_FR","og_type":"article","og_title":"Pour vous le\u00e7ons individuelles de piano \u00e0 Senlis, voici notre fonctionnement","og_description":"Prendre du plaisir pour tous vos cours de piano priv\u00e9s \u00e0 Senlis dans l'Oise. Plusieurs enseignants pour vous accompagner","og_url":"https:\/\/cours-piano-senlis.com\/index.php\/approche\/","og_site_name":"Cours piano \u00e0 Senlis","article_modified_time":"2024-07-25T16:39:45+00:00","twitter_card":"summary_large_image","twitter_misc":{"Dur\u00e9e de lecture estim\u00e9e":"2 minutes"},"schema":{"@context":"https:\/\/schema.org","@graph":[{"@type":"WebPage","@id":"https:\/\/cours-piano-senlis.com\/index.php\/approche\/","url":"https:\/\/cours-piano-senlis.com\/index.php\/approche\/","name":"Pour vous le\u00e7ons individuelles de piano \u00e0 Senlis, voici notre fonctionnement","isPartOf":{"@id":"https:\/\/cours-piano-senlis.com\/#website"},"datePublished":"2024-07-20T20:16:58+00:00","dateModified":"2024-07-25T16:39:45+00:00","description":"Prendre du plaisir pour tous vos cours de piano priv\u00e9s \u00e0 Senlis dans l'Oise. Plusieurs enseignants pour vous accompagner","breadcrumb":{"@id":"https:\/\/cours-piano-senlis.com\/index.php\/approche\/#breadcrumb"},"inLanguage":"fr-FR","potentialAction":[{"@type":"ReadAction","target":["https:\/\/cours-piano-senlis.com\/index.php\/approche\/"]}]},{"@type":"BreadcrumbList","@id":"https:\/\/cours-piano-senlis.com\/index.php\/approche\/#breadcrumb","itemListElement":[{"@type":"ListItem","position":1,"name":"Accueil","item":"https:\/\/cours-piano-senlis.com\/"},{"@type":"ListItem","position":2,"name":"Approche"}]},{"@type":"WebSite","@id":"https:\/\/cours-piano-senlis.com\/#website","url":"https:\/\/cours-piano-senlis.com\/","name":"Cours piano Senlis","description":"Apprendre le piano \u00e0 votre rythme","publisher":{"@id":"https:\/\/cours-piano-senlis.com\/#organization"},"potentialAction":[{"@type":"SearchAction","target":{"@type":"EntryPoint","urlTemplate":"https:\/\/cours-piano-senlis.com\/?s={search_term_string}"},"query-input":"required name=search_term_string"}],"inLanguage":"fr-FR"},{"@type":"Organization","@id":"https:\/\/cours-piano-senlis.com\/#organization","name":"Cours piano Senlis","url":"https:\/\/cours-piano-senlis.com\/","logo":{"@type":"ImageObject","inLanguage":"fr-FR","@id":"https:\/\/cours-piano-senlis.com\/#\/schema\/logo\/image\/","url":"https:\/\/cours-piano-senlis.com\/wp-content\/uploads\/2024\/07\/logo-piano.png","contentUrl":"https:\/\/cours-piano-senlis.com\/wp-content\/uploads\/2024\/07\/logo-piano.png","width":200,"height":40,"caption":"Cours piano Senlis"},"image":{"@id":"https:\/\/cours-piano-senlis.com\/#\/schema\/logo\/image\/"}}]}},"_links":{"self":[{"href":"https:\/\/cours-piano-senlis.com\/index.php\/wp-json\/wp\/v2\/pages\/4432","targetHints":{"allow":["GET"]}}],"collection":[{"href":"https:\/\/cours-piano-senlis.com\/index.php\/wp-json\/wp\/v2\/pages"}],"about":[{"href":"https:\/\/cours-piano-senlis.com\/index.php\/wp-json\/wp\/v2\/types\/page"}],"author":[{"embeddable":true,"href":"https:\/\/cours-piano-senlis.com\/index.php\/wp-json\/wp\/v2\/users\/1"}],"replies":[{"embeddable":true,"href":"https:\/\/cours-piano-senlis.com\/index.php\/wp-json\/wp\/v2\/comments?post=4432"}],"version-history":[{"count":16,"href":"https:\/\/cours-piano-senlis.com\/index.php\/wp-json\/wp\/v2\/pages\/4432\/revisions"}],"predecessor-version":[{"id":4504,"href":"https:\/\/cours-piano-senlis.com\/index.php\/wp-json\/wp\/v2\/pages\/4432\/revisions\/4504"}],"wp:attachment":[{"href":"https:\/\/cours-piano-senlis.com\/index.php\/wp-json\/wp\/v2\/media?parent=4432"}],"curies":[{"name":"wp","href":"https:\/\/api.w.org\/{rel}","templated":true}]}}