{"id":4434,"date":"2024-07-20T22:17:35","date_gmt":"2024-07-20T20:17:35","guid":{"rendered":"https:\/\/cours-piano-senlis.com\/?page_id=4434"},"modified":"2024-07-25T18:42:03","modified_gmt":"2024-07-25T16:42:03","slug":"demarrer","status":"publish","type":"page","link":"https:\/\/cours-piano-senlis.com\/index.php\/demarrer\/","title":{"rendered":"D\u00e9marrer"},"content":{"rendered":"<section class=\"wpb-content-wrapper\"><p>[vc_row row_content_width=\u00a0\u00bbgrid\u00a0\u00bb content_text_aligment=\u00a0\u00bbleft\u00a0\u00bb simple_background_color=\u00a0\u00bb#ffffff\u00a0\u00bb css=\u00a0\u00bb.vc_custom_1497446239499{padding-top: 63px !important;padding-bottom: 63px !important;}\u00a0\u00bb][vc_column]<div class=\"mkdf-elements-holder   mkdf-two-columns  mkdf-responsive-mode-1024 mkdf-one-column-alignment-left\" ><div class=\"mkdf-eh-item  mkdf-width-1-1   \"  data-item-class=\"mkdf-eh-custom-7221\" data-1600=\"0 0% 0 0\" data-1280-1600=\"0 18% 0 0\" data-1024-1280=\"30px 18% 0 0\" data-768-1024=\"0 18% 0 0\" data-680-768=\"0 18% 0 0\" data-680=\"0 0% 0 0\">\n\t<div class=\"mkdf-eh-item-inner\">\n\t\t<div class=\"mkdf-eh-item-content mkdf-eh-custom-7221\" style=\"padding: 0 0% 0 0\">\n\t\t\t[vc_single_image image=\u00a0\u00bb4505&Prime; img_size=\u00a0\u00bb541*400&Prime; alignment=\u00a0\u00bbcenter\u00a0\u00bb][vc_empty_space height=\u00a0\u00bb35px\u00a0\u00bb]\t\t<\/div>\n\t<\/div>\n<\/div><div class=\"mkdf-eh-item  mkdf-width-1-1   \"  data-item-class=\"mkdf-eh-custom-4118\" data-1600=\"0 0% 0 0\" data-1280-1600=\"0 18% 0 0\" data-1024-1280=\"30px 18% 0 0\" data-768-1024=\"0 18% 0 0\" data-680-768=\"0 18% 0 0\" data-680=\"0 0% 0 0\">\n\t<div class=\"mkdf-eh-item-inner\">\n\t\t<div class=\"mkdf-eh-item-content mkdf-eh-custom-4118\" style=\"padding: 0 0% 0 0\">\n\t\t\t<div class=\"mkdf-section-title-holder  mkdf-st-standard mkdf-st-title-left mkdf-st-normal-space \" style=\"text-align: left\">\n\t<div class=\"mkdf-st-inner\">\n\t\t\t\t\t<h2 class=\"mkdf-st-title\" >\n\t\t\t\tDur\u00e9e des cours individuels de piano\t\t\t<\/h2>\n\t\t\t\t\t<\/div>\n<\/div>[vc_column_text]De fa\u00e7on g\u00e9n\u00e9rale, nous pr\u00e9conisons des cours de piano d\u2019une heure. Toutefois la dur\u00e9e peut \u00eatre ajust\u00e9e pour un enfant en fonction de sa concentration.<\/p>\n<p>15 \u00e0 20 minutes pour l\u2019\u00e9chauffement, les gammes et le solf\u00e8ge. Le reste du temps est consacr\u00e9 \u00e0 la pratique approfondie et aux r\u00e9visions.<br \/>\nLe professeur de piano n\u2019est pas seulement votre guide, il est \u00e9galement praticien. Le voir et l\u2019entendre jouer vous permet d\u2019avancer avec rep\u00e8res.[\/vc_column_text][vc_empty_space height=\u00a0\u00bb35px\u00a0\u00bb]\t\t<\/div>\n\t<\/div>\n<\/div><\/div><div class=\"mkdf-elements-holder   mkdf-two-columns  mkdf-responsive-mode-1024 mkdf-one-column-alignment-left\" ><div class=\"mkdf-eh-item  mkdf-width-1-1   \"  data-item-class=\"mkdf-eh-custom-9732\" data-1600=\"0 0% 0 0\" data-1280-1600=\"0 18% 0 0\" data-1024-1280=\"30px 18% 0 0\" data-768-1024=\"0 18% 0 0\" data-680-768=\"0 18% 0 0\" data-680=\"0 0% 0 0\">\n\t<div class=\"mkdf-eh-item-inner\">\n\t\t<div class=\"mkdf-eh-item-content mkdf-eh-custom-9732\" style=\"padding: 0 0% 0 0\">\n\t\t\t<div class=\"mkdf-section-title-holder  mkdf-st-standard mkdf-st-title-left mkdf-st-normal-space \" style=\"text-align: left\">\n\t<div class=\"mkdf-st-inner\">\n\t\t\t\t\t<h2 class=\"mkdf-st-title\" >\n\t\t\t\tPluridisciplinarit\u00e9\t\t\t<\/h2>\n\t\t\t\t\t<\/div>\n<\/div>[vc_column_text]Nous le\u00e7ons priv\u00e9es de piano sont ouvertes au public large. Si votre enfant \u00e0 plus de 11 ans, vous pouvez nous contacter sans h\u00e9siter. Aucune restriction n\u2019existe pour les \u00e9l\u00e8ves adultes. Les cours s\u2019adaptent non seulement aux pratiques \u2013 \u00e9l\u00e8ves d\u00e9butants ou avanc\u00e9s mais \u00e9galement \u00e0 leur maturit\u00e9.<\/p>\n<p>Des programmes sp\u00e9cifiques y compris les morceaux musicaux s\u00e9lectionn\u00e9s sont disponibles pour les enfants.[\/vc_column_text][vc_empty_space height=\u00a0\u00bb35px\u00a0\u00bb]\t\t<\/div>\n\t<\/div>\n<\/div><div class=\"mkdf-eh-item  mkdf-width-1-1   \"  data-item-class=\"mkdf-eh-custom-2289\" data-1600=\"0 0% 0 0\" data-1280-1600=\"0 18% 0 0\" data-1024-1280=\"30px 18% 0 0\" data-768-1024=\"0 18% 0 0\" data-680-768=\"0 18% 0 0\" data-680=\"0 0% 0 0\">\n\t<div class=\"mkdf-eh-item-inner\">\n\t\t<div class=\"mkdf-eh-item-content mkdf-eh-custom-2289\" style=\"padding: 0 0% 0 0\">\n\t\t\t[vc_single_image image=\u00a0\u00bb4507&Prime; img_size=\u00a0\u00bb541*400&Prime; alignment=\u00a0\u00bbcenter\u00a0\u00bb][vc_empty_space height=\u00a0\u00bb35px\u00a0\u00bb]\t\t<\/div>\n\t<\/div>\n<\/div><\/div><div class=\"mkdf-elements-holder   mkdf-two-columns  mkdf-responsive-mode-1024 mkdf-one-column-alignment-left\" ><div class=\"mkdf-eh-item  mkdf-width-1-1   \"  data-item-class=\"mkdf-eh-custom-1699\" data-1600=\"0 0% 0 0\" data-1280-1600=\"0 18% 0 0\" data-1024-1280=\"30px 18% 0 0\" data-768-1024=\"0 18% 0 0\" data-680-768=\"0 18% 0 0\" data-680=\"0 0% 0 0\">\n\t<div class=\"mkdf-eh-item-inner\">\n\t\t<div class=\"mkdf-eh-item-content mkdf-eh-custom-1699\" style=\"padding: 0 0% 0 0\">\n\t\t\t[vc_single_image image=\u00a0\u00bb4508&Prime; img_size=\u00a0\u00bb541*400&Prime; alignment=\u00a0\u00bbcenter\u00a0\u00bb][vc_empty_space height=\u00a0\u00bb35px\u00a0\u00bb]\t\t<\/div>\n\t<\/div>\n<\/div><div class=\"mkdf-eh-item  mkdf-width-1-1   \"  data-item-class=\"mkdf-eh-custom-8496\" data-1600=\"0 0% 0 0\" data-1280-1600=\"0 18% 0 0\" data-1024-1280=\"30px 18% 0 0\" data-768-1024=\"0 18% 0 0\" data-680-768=\"0 18% 0 0\" data-680=\"0 0% 0 0\">\n\t<div class=\"mkdf-eh-item-inner\">\n\t\t<div class=\"mkdf-eh-item-content mkdf-eh-custom-8496\" style=\"padding: 0 0% 0 0\">\n\t\t\t<div class=\"mkdf-section-title-holder  mkdf-st-standard mkdf-st-title-left mkdf-st-normal-space \" style=\"text-align: left\">\n\t<div class=\"mkdf-st-inner\">\n\t\t\t\t\t<h2 class=\"mkdf-st-title\" >\n\t\t\t\tChoix du rythme\t\t\t<\/h2>\n\t\t\t\t\t<\/div>\n<\/div>[vc_column_text]En tenant compte de vos objectifs personnels et disponibilit\u00e9s, nous d\u00e9finirons ensemble un bon rythme d\u2019apprentissage. Toutefois nous vous recommandons d&rsquo;envisager de prendre au moins une le\u00e7on toutes les semaines. Une pratique constante et un accompagnement rythm\u00e9 vous permettront d&rsquo;obtenir un meilleur r\u00e9sultat.[\/vc_column_text][vc_empty_space height=\u00a0\u00bb35px\u00a0\u00bb]\t\t<\/div>\n\t<\/div>\n<\/div><\/div>[\/vc_column][\/vc_row]<\/p>\n<\/section>","protected":false},"excerpt":{"rendered":"<p>[vc_row row_content_width=\u00a0\u00bbgrid\u00a0\u00bb content_text_aligment=\u00a0\u00bbleft\u00a0\u00bb simple_background_color=\u00a0\u00bb#ffffff\u00a0\u00bb css=\u00a0\u00bb.vc_custom_1497446239499{padding-top: 63px !important;padding-bottom: 63px !important;}\u00a0\u00bb][vc_column][\/vc_column][\/vc_row]<\/p>\n","protected":false},"author":1,"featured_media":0,"parent":0,"menu_order":0,"comment_status":"closed","ping_status":"closed","template":"full-width.php","meta":{"_bbp_topic_count":0,"_bbp_reply_count":0,"_bbp_total_topic_count":0,"_bbp_total_reply_count":0,"_bbp_voice_count":0,"_bbp_anonymous_reply_count":0,"_bbp_topic_count_hidden":0,"_bbp_reply_count_hidden":0,"_bbp_forum_subforum_count":0,"footnotes":""},"class_list":["post-4434","page","type-page","status-publish","hentry"],"yoast_head":"<!-- This site is optimized with the Yoast SEO plugin v23.0 - https:\/\/yoast.com\/wordpress\/plugins\/seo\/ -->\n<title>D\u00e9butant ou confirm\u00e9, commencez vous le\u00e7ons de piano avec nous<\/title>\n<meta name=\"description\" content=\"Voici en quelques mots comment nous fonctionnons pour les cours de piano. Avant tout d\u00e9marrage, on commence par faire le point\" \/>\n<meta name=\"robots\" content=\"index, follow, max-snippet:-1, max-image-preview:large, max-video-preview:-1\" \/>\n<link rel=\"canonical\" href=\"https:\/\/cours-piano-senlis.com\/index.php\/demarrer\/\" \/>\n<meta property=\"og:locale\" content=\"fr_FR\" \/>\n<meta property=\"og:type\" content=\"article\" \/>\n<meta property=\"og:title\" content=\"D\u00e9butant ou confirm\u00e9, commencez vous le\u00e7ons de piano avec nous\" \/>\n<meta property=\"og:description\" content=\"Voici en quelques mots comment nous fonctionnons pour les cours de piano. Avant tout d\u00e9marrage, on commence par faire le point\" \/>\n<meta property=\"og:url\" content=\"https:\/\/cours-piano-senlis.com\/index.php\/demarrer\/\" \/>\n<meta property=\"og:site_name\" content=\"Cours piano \u00e0 Senlis\" \/>\n<meta property=\"article:modified_time\" content=\"2024-07-25T16:42:03+00:00\" \/>\n<meta name=\"twitter:card\" content=\"summary_large_image\" \/>\n<meta name=\"twitter:label1\" content=\"Dur\u00e9e de lecture estim\u00e9e\" \/>\n\t<meta name=\"twitter:data1\" content=\"2 minutes\" \/>\n<script type=\"application\/ld+json\" class=\"yoast-schema-graph\">{\"@context\":\"https:\/\/schema.org\",\"@graph\":[{\"@type\":\"WebPage\",\"@id\":\"https:\/\/cours-piano-senlis.com\/index.php\/demarrer\/\",\"url\":\"https:\/\/cours-piano-senlis.com\/index.php\/demarrer\/\",\"name\":\"D\u00e9butant ou confirm\u00e9, commencez vous le\u00e7ons de piano avec nous\",\"isPartOf\":{\"@id\":\"https:\/\/cours-piano-senlis.com\/#website\"},\"datePublished\":\"2024-07-20T20:17:35+00:00\",\"dateModified\":\"2024-07-25T16:42:03+00:00\",\"description\":\"Voici en quelques mots comment nous fonctionnons pour les cours de piano. Avant tout d\u00e9marrage, on commence par faire le point\",\"breadcrumb\":{\"@id\":\"https:\/\/cours-piano-senlis.com\/index.php\/demarrer\/#breadcrumb\"},\"inLanguage\":\"fr-FR\",\"potentialAction\":[{\"@type\":\"ReadAction\",\"target\":[\"https:\/\/cours-piano-senlis.com\/index.php\/demarrer\/\"]}]},{\"@type\":\"BreadcrumbList\",\"@id\":\"https:\/\/cours-piano-senlis.com\/index.php\/demarrer\/#breadcrumb\",\"itemListElement\":[{\"@type\":\"ListItem\",\"position\":1,\"name\":\"Accueil\",\"item\":\"https:\/\/cours-piano-senlis.com\/\"},{\"@type\":\"ListItem\",\"position\":2,\"name\":\"D\u00e9marrer\"}]},{\"@type\":\"WebSite\",\"@id\":\"https:\/\/cours-piano-senlis.com\/#website\",\"url\":\"https:\/\/cours-piano-senlis.com\/\",\"name\":\"Cours piano Senlis\",\"description\":\"Apprendre le piano \u00e0 votre rythme\",\"publisher\":{\"@id\":\"https:\/\/cours-piano-senlis.com\/#organization\"},\"potentialAction\":[{\"@type\":\"SearchAction\",\"target\":{\"@type\":\"EntryPoint\",\"urlTemplate\":\"https:\/\/cours-piano-senlis.com\/?s={search_term_string}\"},\"query-input\":\"required name=search_term_string\"}],\"inLanguage\":\"fr-FR\"},{\"@type\":\"Organization\",\"@id\":\"https:\/\/cours-piano-senlis.com\/#organization\",\"name\":\"Cours piano Senlis\",\"url\":\"https:\/\/cours-piano-senlis.com\/\",\"logo\":{\"@type\":\"ImageObject\",\"inLanguage\":\"fr-FR\",\"@id\":\"https:\/\/cours-piano-senlis.com\/#\/schema\/logo\/image\/\",\"url\":\"https:\/\/cours-piano-senlis.com\/wp-content\/uploads\/2024\/07\/logo-piano.png\",\"contentUrl\":\"https:\/\/cours-piano-senlis.com\/wp-content\/uploads\/2024\/07\/logo-piano.png\",\"width\":200,\"height\":40,\"caption\":\"Cours piano Senlis\"},\"image\":{\"@id\":\"https:\/\/cours-piano-senlis.com\/#\/schema\/logo\/image\/\"}}]}<\/script>\n<!-- \/ Yoast SEO plugin. -->","yoast_head_json":{"title":"D\u00e9butant ou confirm\u00e9, commencez vous le\u00e7ons de piano avec nous","description":"Voici en quelques mots comment nous fonctionnons pour les cours de piano. Avant tout d\u00e9marrage, on commence par faire le point","robots":{"index":"index","follow":"follow","max-snippet":"max-snippet:-1","max-image-preview":"max-image-preview:large","max-video-preview":"max-video-preview:-1"},"canonical":"https:\/\/cours-piano-senlis.com\/index.php\/demarrer\/","og_locale":"fr_FR","og_type":"article","og_title":"D\u00e9butant ou confirm\u00e9, commencez vous le\u00e7ons de piano avec nous","og_description":"Voici en quelques mots comment nous fonctionnons pour les cours de piano. Avant tout d\u00e9marrage, on commence par faire le point","og_url":"https:\/\/cours-piano-senlis.com\/index.php\/demarrer\/","og_site_name":"Cours piano \u00e0 Senlis","article_modified_time":"2024-07-25T16:42:03+00:00","twitter_card":"summary_large_image","twitter_misc":{"Dur\u00e9e de lecture estim\u00e9e":"2 minutes"},"schema":{"@context":"https:\/\/schema.org","@graph":[{"@type":"WebPage","@id":"https:\/\/cours-piano-senlis.com\/index.php\/demarrer\/","url":"https:\/\/cours-piano-senlis.com\/index.php\/demarrer\/","name":"D\u00e9butant ou confirm\u00e9, commencez vous le\u00e7ons de piano avec nous","isPartOf":{"@id":"https:\/\/cours-piano-senlis.com\/#website"},"datePublished":"2024-07-20T20:17:35+00:00","dateModified":"2024-07-25T16:42:03+00:00","description":"Voici en quelques mots comment nous fonctionnons pour les cours de piano. Avant tout d\u00e9marrage, on commence par faire le point","breadcrumb":{"@id":"https:\/\/cours-piano-senlis.com\/index.php\/demarrer\/#breadcrumb"},"inLanguage":"fr-FR","potentialAction":[{"@type":"ReadAction","target":["https:\/\/cours-piano-senlis.com\/index.php\/demarrer\/"]}]},{"@type":"BreadcrumbList","@id":"https:\/\/cours-piano-senlis.com\/index.php\/demarrer\/#breadcrumb","itemListElement":[{"@type":"ListItem","position":1,"name":"Accueil","item":"https:\/\/cours-piano-senlis.com\/"},{"@type":"ListItem","position":2,"name":"D\u00e9marrer"}]},{"@type":"WebSite","@id":"https:\/\/cours-piano-senlis.com\/#website","url":"https:\/\/cours-piano-senlis.com\/","name":"Cours piano Senlis","description":"Apprendre le piano \u00e0 votre rythme","publisher":{"@id":"https:\/\/cours-piano-senlis.com\/#organization"},"potentialAction":[{"@type":"SearchAction","target":{"@type":"EntryPoint","urlTemplate":"https:\/\/cours-piano-senlis.com\/?s={search_term_string}"},"query-input":"required name=search_term_string"}],"inLanguage":"fr-FR"},{"@type":"Organization","@id":"https:\/\/cours-piano-senlis.com\/#organization","name":"Cours piano Senlis","url":"https:\/\/cours-piano-senlis.com\/","logo":{"@type":"ImageObject","inLanguage":"fr-FR","@id":"https:\/\/cours-piano-senlis.com\/#\/schema\/logo\/image\/","url":"https:\/\/cours-piano-senlis.com\/wp-content\/uploads\/2024\/07\/logo-piano.png","contentUrl":"https:\/\/cours-piano-senlis.com\/wp-content\/uploads\/2024\/07\/logo-piano.png","width":200,"height":40,"caption":"Cours piano Senlis"},"image":{"@id":"https:\/\/cours-piano-senlis.com\/#\/schema\/logo\/image\/"}}]}},"_links":{"self":[{"href":"https:\/\/cours-piano-senlis.com\/index.php\/wp-json\/wp\/v2\/pages\/4434","targetHints":{"allow":["GET"]}}],"collection":[{"href":"https:\/\/cours-piano-senlis.com\/index.php\/wp-json\/wp\/v2\/pages"}],"about":[{"href":"https:\/\/cours-piano-senlis.com\/index.php\/wp-json\/wp\/v2\/types\/page"}],"author":[{"embeddable":true,"href":"https:\/\/cours-piano-senlis.com\/index.php\/wp-json\/wp\/v2\/users\/1"}],"replies":[{"embeddable":true,"href":"https:\/\/cours-piano-senlis.com\/index.php\/wp-json\/wp\/v2\/comments?post=4434"}],"version-history":[{"count":7,"href":"https:\/\/cours-piano-senlis.com\/index.php\/wp-json\/wp\/v2\/pages\/4434\/revisions"}],"predecessor-version":[{"id":4509,"href":"https:\/\/cours-piano-senlis.com\/index.php\/wp-json\/wp\/v2\/pages\/4434\/revisions\/4509"}],"wp:attachment":[{"href":"https:\/\/cours-piano-senlis.com\/index.php\/wp-json\/wp\/v2\/media?parent=4434"}],"curies":[{"name":"wp","href":"https:\/\/api.w.org\/{rel}","templated":true}]}}