{"id":4436,"date":"2024-07-20T22:18:25","date_gmt":"2024-07-20T20:18:25","guid":{"rendered":"https:\/\/cours-piano-senlis.com\/?page_id=4436"},"modified":"2024-07-26T12:02:46","modified_gmt":"2024-07-26T10:02:46","slug":"progresser","status":"publish","type":"page","link":"https:\/\/cours-piano-senlis.com\/index.php\/progresser\/","title":{"rendered":"Progresser"},"content":{"rendered":"<section class=\"wpb-content-wrapper\"><p>[vc_row row_content_width=\u00a0\u00bbgrid\u00a0\u00bb content_text_aligment=\u00a0\u00bbleft\u00a0\u00bb simple_background_color=\u00a0\u00bb#ffffff\u00a0\u00bb css=\u00a0\u00bb.vc_custom_1497446239499{padding-top: 63px !important;padding-bottom: 63px !important;}\u00a0\u00bb][vc_column]<div class=\"mkdf-elements-holder   mkdf-two-columns  mkdf-responsive-mode-1024 mkdf-one-column-alignment-left\" ><div class=\"mkdf-eh-item  mkdf-width-1-1   \"  data-item-class=\"mkdf-eh-custom-3097\" data-1600=\"0 0% 0 0\" data-1280-1600=\"0 18% 0 0\" data-1024-1280=\"30px 18% 0 0\" data-768-1024=\"0 18% 0 0\" data-680-768=\"0 18% 0 0\" data-680=\"0 0% 0 0\">\n\t<div class=\"mkdf-eh-item-inner\">\n\t\t<div class=\"mkdf-eh-item-content mkdf-eh-custom-3097\" style=\"padding: 0 0% 0 0\">\n\t\t\t[vc_single_image image=\u00a0\u00bb4526&Prime; img_size=\u00a0\u00bb541*400&Prime; alignment=\u00a0\u00bbcenter\u00a0\u00bb][vc_empty_space height=\u00a0\u00bb35px\u00a0\u00bb]\t\t<\/div>\n\t<\/div>\n<\/div><div class=\"mkdf-eh-item  mkdf-width-1-1   \"  data-item-class=\"mkdf-eh-custom-2480\" data-1600=\"0 0% 0 0\" data-1280-1600=\"0 18% 0 0\" data-1024-1280=\"30px 18% 0 0\" data-768-1024=\"0 18% 0 0\" data-680-768=\"0 18% 0 0\" data-680=\"0 0% 0 0\">\n\t<div class=\"mkdf-eh-item-inner\">\n\t\t<div class=\"mkdf-eh-item-content mkdf-eh-custom-2480\" style=\"padding: 0 0% 0 0\">\n\t\t\t<div class=\"mkdf-section-title-holder  mkdf-st-standard mkdf-st-title-left mkdf-st-normal-space \" style=\"text-align: left\">\n\t<div class=\"mkdf-st-inner\">\n\t\t\t\t\t<h2 class=\"mkdf-st-title\" >\n\t\t\t\tPiano pour les d\u00e9butants\t\t\t<\/h2>\n\t\t\t\t\t<\/div>\n<\/div>[vc_column_text]Bien d\u00e9buter c&rsquo;est d\u00e9buter par les bases en n&rsquo;oubliant pas la position des doigts et de la main. Introduire les exercices simples et les gammes montantes et descendantes pour se familiariser au touch\u00e9 et au rythme.<br \/>\nPour les enfants, nous avons tendance \u00e0 introduire les jeux \u00e9ducatifs pour rendre l&rsquo;apprentissage attrayant.<br \/>\nLa motivation est essentielle pour d\u00e9buter, elle passe notamment par une bonne relation avec votre enseignant.[\/vc_column_text][vc_empty_space height=\u00a0\u00bb35px\u00a0\u00bb]\t\t<\/div>\n\t<\/div>\n<\/div><\/div><div class=\"mkdf-elements-holder   mkdf-two-columns  mkdf-responsive-mode-1024 mkdf-one-column-alignment-left\" ><div class=\"mkdf-eh-item  mkdf-width-1-1   \"  data-item-class=\"mkdf-eh-custom-9497\" data-1600=\"0 0% 0 0\" data-1280-1600=\"0 18% 0 0\" data-1024-1280=\"30px 18% 0 0\" data-768-1024=\"0 18% 0 0\" data-680-768=\"0 18% 0 0\" data-680=\"0 0% 0 0\">\n\t<div class=\"mkdf-eh-item-inner\">\n\t\t<div class=\"mkdf-eh-item-content mkdf-eh-custom-9497\" style=\"padding: 0 0% 0 0\">\n\t\t\t<div class=\"mkdf-section-title-holder  mkdf-st-standard mkdf-st-title-left mkdf-st-normal-space \" style=\"text-align: left\">\n\t<div class=\"mkdf-st-inner\">\n\t\t\t\t\t<h2 class=\"mkdf-st-title\" >\n\t\t\t\tNiveaux interm\u00e9diaires\t\t\t<\/h2>\n\t\t\t\t\t<\/div>\n<\/div>[vc_column_text]Il est enfin temps de d\u00e9velopper des techniques plus avanc\u00e9es qui passent par les exercices tels que les gammes en tierces, sixtes, octaves. L&rsquo;\u00e9l\u00e8ve sera amen\u00e9 \u00e0 soigner sa fluidifi\u00e9 qui passe notamment pour le contr\u00f4le du poids r\u00e9siduel dans les doigts et poignets.<br \/>\nLa lecture \u00e0 vue fait partie des \u00e9l\u00e9ments d&rsquo;apprentissage pour inviter l&rsquo;\u00e9l\u00e8ve \u00e0 une plus grande autonomie.[\/vc_column_text][vc_empty_space height=\u00a0\u00bb35px\u00a0\u00bb]\t\t<\/div>\n\t<\/div>\n<\/div><div class=\"mkdf-eh-item  mkdf-width-1-1   \"  data-item-class=\"mkdf-eh-custom-7803\" data-1600=\"0 0% 0 0\" data-1280-1600=\"0 18% 0 0\" data-1024-1280=\"30px 18% 0 0\" data-768-1024=\"0 18% 0 0\" data-680-768=\"0 18% 0 0\" data-680=\"0 0% 0 0\">\n\t<div class=\"mkdf-eh-item-inner\">\n\t\t<div class=\"mkdf-eh-item-content mkdf-eh-custom-7803\" style=\"padding: 0 0% 0 0\">\n\t\t\t[vc_single_image image=\u00a0\u00bb4527&Prime; img_size=\u00a0\u00bb541*400&Prime; alignment=\u00a0\u00bbcenter\u00a0\u00bb][vc_empty_space height=\u00a0\u00bb35px\u00a0\u00bb]\t\t<\/div>\n\t<\/div>\n<\/div><\/div><div class=\"mkdf-elements-holder   mkdf-two-columns  mkdf-responsive-mode-1024 mkdf-one-column-alignment-left\" ><div class=\"mkdf-eh-item  mkdf-width-1-1   \"  data-item-class=\"mkdf-eh-custom-1999\" data-1600=\"0 0% 0 0\" data-1280-1600=\"0 18% 0 0\" data-1024-1280=\"30px 18% 0 0\" data-768-1024=\"0 18% 0 0\" data-680-768=\"0 18% 0 0\" data-680=\"0 0% 0 0\">\n\t<div class=\"mkdf-eh-item-inner\">\n\t\t<div class=\"mkdf-eh-item-content mkdf-eh-custom-1999\" style=\"padding: 0 0% 0 0\">\n\t\t\t[vc_single_image image=\u00a0\u00bb4528&Prime; img_size=\u00a0\u00bb541*400&Prime; alignment=\u00a0\u00bbcenter\u00a0\u00bb][vc_empty_space height=\u00a0\u00bb35px\u00a0\u00bb]\t\t<\/div>\n\t<\/div>\n<\/div><div class=\"mkdf-eh-item  mkdf-width-1-1   \"  data-item-class=\"mkdf-eh-custom-5106\" data-1600=\"0 0% 0 0\" data-1280-1600=\"0 18% 0 0\" data-1024-1280=\"30px 18% 0 0\" data-768-1024=\"0 18% 0 0\" data-680-768=\"0 18% 0 0\" data-680=\"0 0% 0 0\">\n\t<div class=\"mkdf-eh-item-inner\">\n\t\t<div class=\"mkdf-eh-item-content mkdf-eh-custom-5106\" style=\"padding: 0 0% 0 0\">\n\t\t\t<div class=\"mkdf-section-title-holder  mkdf-st-standard mkdf-st-title-left mkdf-st-normal-space \" style=\"text-align: left\">\n\t<div class=\"mkdf-st-inner\">\n\t\t\t\t\t<h2 class=\"mkdf-st-title\" >\n\t\t\t\tCours pour les pianistes avanc\u00e9s\t\t\t<\/h2>\n\t\t\t\t\t<\/div>\n<\/div>[vc_column_text]Plusieurs objectifs simultan\u00e9s structurent la d\u00e9marche : la recherche de virtuosit\u00e9 exigeant la technique de haut niveau et l&rsquo;interpr\u00e9tation (l&rsquo;\u00e2me du pianiste).<br \/>\nLe travail sur les \u0153uvres de Liszt, Chopin, Beethoven, Rachmaninov est l&rsquo;occasion de d\u00e9composer les mouvements pour une meilleure pr\u00e9cision et vitesse. En explorant les nuances dynamiques, les phras\u00e9s, l&rsquo;\u00e9l\u00e8ve d\u00e9veloppe sa sensibilit\u00e9 et sa vision artistique.[\/vc_column_text][vc_empty_space height=\u00a0\u00bb35px\u00a0\u00bb]\t\t<\/div>\n\t<\/div>\n<\/div><\/div>[\/vc_column][\/vc_row]<\/p>\n<\/section>","protected":false},"excerpt":{"rendered":"<p>[vc_row row_content_width=\u00a0\u00bbgrid\u00a0\u00bb content_text_aligment=\u00a0\u00bbleft\u00a0\u00bb simple_background_color=\u00a0\u00bb#ffffff\u00a0\u00bb css=\u00a0\u00bb.vc_custom_1497446239499{padding-top: 63px !important;padding-bottom: 63px !important;}\u00a0\u00bb][vc_column][\/vc_column][\/vc_row]<\/p>\n","protected":false},"author":1,"featured_media":0,"parent":0,"menu_order":0,"comment_status":"closed","ping_status":"closed","template":"full-width.php","meta":{"_bbp_topic_count":0,"_bbp_reply_count":0,"_bbp_total_topic_count":0,"_bbp_total_reply_count":0,"_bbp_voice_count":0,"_bbp_anonymous_reply_count":0,"_bbp_topic_count_hidden":0,"_bbp_reply_count_hidden":0,"_bbp_forum_subforum_count":0,"footnotes":""},"class_list":["post-4436","page","type-page","status-publish","hentry"],"yoast_head":"<!-- This site is optimized with the Yoast SEO plugin v23.0 - https:\/\/yoast.com\/wordpress\/plugins\/seo\/ -->\n<title>Progresser - Cours piano \u00e0 Senlis<\/title>\n<meta name=\"robots\" content=\"index, follow, max-snippet:-1, max-image-preview:large, max-video-preview:-1\" \/>\n<link rel=\"canonical\" href=\"https:\/\/cours-piano-senlis.com\/index.php\/progresser\/\" \/>\n<meta property=\"og:locale\" content=\"fr_FR\" \/>\n<meta property=\"og:type\" content=\"article\" \/>\n<meta property=\"og:title\" content=\"Progresser - Cours piano \u00e0 Senlis\" \/>\n<meta property=\"og:description\" content=\"[vc_row row_content_width=\u00a0\u00bbgrid\u00a0\u00bb content_text_aligment=\u00a0\u00bbleft\u00a0\u00bb simple_background_color=\u00a0\u00bb#ffffff\u00a0\u00bb css=\u00a0\u00bb.vc_custom_1497446239499{padding-top: 63px !important;padding-bottom: 63px !important;}\u00a0\u00bb][vc_column][\/vc_column][\/vc_row]\" \/>\n<meta property=\"og:url\" content=\"https:\/\/cours-piano-senlis.com\/index.php\/progresser\/\" \/>\n<meta property=\"og:site_name\" content=\"Cours piano \u00e0 Senlis\" \/>\n<meta property=\"article:modified_time\" content=\"2024-07-26T10:02:46+00:00\" \/>\n<meta name=\"twitter:card\" content=\"summary_large_image\" \/>\n<meta name=\"twitter:label1\" content=\"Dur\u00e9e de lecture estim\u00e9e\" \/>\n\t<meta name=\"twitter:data1\" content=\"3 minutes\" \/>\n<script type=\"application\/ld+json\" class=\"yoast-schema-graph\">{\"@context\":\"https:\/\/schema.org\",\"@graph\":[{\"@type\":\"WebPage\",\"@id\":\"https:\/\/cours-piano-senlis.com\/index.php\/progresser\/\",\"url\":\"https:\/\/cours-piano-senlis.com\/index.php\/progresser\/\",\"name\":\"Progresser - Cours piano \u00e0 Senlis\",\"isPartOf\":{\"@id\":\"https:\/\/cours-piano-senlis.com\/#website\"},\"datePublished\":\"2024-07-20T20:18:25+00:00\",\"dateModified\":\"2024-07-26T10:02:46+00:00\",\"breadcrumb\":{\"@id\":\"https:\/\/cours-piano-senlis.com\/index.php\/progresser\/#breadcrumb\"},\"inLanguage\":\"fr-FR\",\"potentialAction\":[{\"@type\":\"ReadAction\",\"target\":[\"https:\/\/cours-piano-senlis.com\/index.php\/progresser\/\"]}]},{\"@type\":\"BreadcrumbList\",\"@id\":\"https:\/\/cours-piano-senlis.com\/index.php\/progresser\/#breadcrumb\",\"itemListElement\":[{\"@type\":\"ListItem\",\"position\":1,\"name\":\"Accueil\",\"item\":\"https:\/\/cours-piano-senlis.com\/\"},{\"@type\":\"ListItem\",\"position\":2,\"name\":\"Progresser\"}]},{\"@type\":\"WebSite\",\"@id\":\"https:\/\/cours-piano-senlis.com\/#website\",\"url\":\"https:\/\/cours-piano-senlis.com\/\",\"name\":\"Cours piano Senlis\",\"description\":\"Apprendre le piano \u00e0 votre rythme\",\"publisher\":{\"@id\":\"https:\/\/cours-piano-senlis.com\/#organization\"},\"potentialAction\":[{\"@type\":\"SearchAction\",\"target\":{\"@type\":\"EntryPoint\",\"urlTemplate\":\"https:\/\/cours-piano-senlis.com\/?s={search_term_string}\"},\"query-input\":\"required name=search_term_string\"}],\"inLanguage\":\"fr-FR\"},{\"@type\":\"Organization\",\"@id\":\"https:\/\/cours-piano-senlis.com\/#organization\",\"name\":\"Cours piano Senlis\",\"url\":\"https:\/\/cours-piano-senlis.com\/\",\"logo\":{\"@type\":\"ImageObject\",\"inLanguage\":\"fr-FR\",\"@id\":\"https:\/\/cours-piano-senlis.com\/#\/schema\/logo\/image\/\",\"url\":\"https:\/\/cours-piano-senlis.com\/wp-content\/uploads\/2024\/07\/logo-piano.png\",\"contentUrl\":\"https:\/\/cours-piano-senlis.com\/wp-content\/uploads\/2024\/07\/logo-piano.png\",\"width\":200,\"height\":40,\"caption\":\"Cours piano Senlis\"},\"image\":{\"@id\":\"https:\/\/cours-piano-senlis.com\/#\/schema\/logo\/image\/\"}}]}<\/script>\n<!-- \/ Yoast SEO plugin. -->","yoast_head_json":{"title":"Progresser - Cours piano \u00e0 Senlis","robots":{"index":"index","follow":"follow","max-snippet":"max-snippet:-1","max-image-preview":"max-image-preview:large","max-video-preview":"max-video-preview:-1"},"canonical":"https:\/\/cours-piano-senlis.com\/index.php\/progresser\/","og_locale":"fr_FR","og_type":"article","og_title":"Progresser - Cours piano \u00e0 Senlis","og_description":"[vc_row row_content_width=\u00a0\u00bbgrid\u00a0\u00bb content_text_aligment=\u00a0\u00bbleft\u00a0\u00bb simple_background_color=\u00a0\u00bb#ffffff\u00a0\u00bb css=\u00a0\u00bb.vc_custom_1497446239499{padding-top: 63px !important;padding-bottom: 63px !important;}\u00a0\u00bb][vc_column][\/vc_column][\/vc_row]","og_url":"https:\/\/cours-piano-senlis.com\/index.php\/progresser\/","og_site_name":"Cours piano \u00e0 Senlis","article_modified_time":"2024-07-26T10:02:46+00:00","twitter_card":"summary_large_image","twitter_misc":{"Dur\u00e9e de lecture estim\u00e9e":"3 minutes"},"schema":{"@context":"https:\/\/schema.org","@graph":[{"@type":"WebPage","@id":"https:\/\/cours-piano-senlis.com\/index.php\/progresser\/","url":"https:\/\/cours-piano-senlis.com\/index.php\/progresser\/","name":"Progresser - Cours piano \u00e0 Senlis","isPartOf":{"@id":"https:\/\/cours-piano-senlis.com\/#website"},"datePublished":"2024-07-20T20:18:25+00:00","dateModified":"2024-07-26T10:02:46+00:00","breadcrumb":{"@id":"https:\/\/cours-piano-senlis.com\/index.php\/progresser\/#breadcrumb"},"inLanguage":"fr-FR","potentialAction":[{"@type":"ReadAction","target":["https:\/\/cours-piano-senlis.com\/index.php\/progresser\/"]}]},{"@type":"BreadcrumbList","@id":"https:\/\/cours-piano-senlis.com\/index.php\/progresser\/#breadcrumb","itemListElement":[{"@type":"ListItem","position":1,"name":"Accueil","item":"https:\/\/cours-piano-senlis.com\/"},{"@type":"ListItem","position":2,"name":"Progresser"}]},{"@type":"WebSite","@id":"https:\/\/cours-piano-senlis.com\/#website","url":"https:\/\/cours-piano-senlis.com\/","name":"Cours piano Senlis","description":"Apprendre le piano \u00e0 votre rythme","publisher":{"@id":"https:\/\/cours-piano-senlis.com\/#organization"},"potentialAction":[{"@type":"SearchAction","target":{"@type":"EntryPoint","urlTemplate":"https:\/\/cours-piano-senlis.com\/?s={search_term_string}"},"query-input":"required name=search_term_string"}],"inLanguage":"fr-FR"},{"@type":"Organization","@id":"https:\/\/cours-piano-senlis.com\/#organization","name":"Cours piano Senlis","url":"https:\/\/cours-piano-senlis.com\/","logo":{"@type":"ImageObject","inLanguage":"fr-FR","@id":"https:\/\/cours-piano-senlis.com\/#\/schema\/logo\/image\/","url":"https:\/\/cours-piano-senlis.com\/wp-content\/uploads\/2024\/07\/logo-piano.png","contentUrl":"https:\/\/cours-piano-senlis.com\/wp-content\/uploads\/2024\/07\/logo-piano.png","width":200,"height":40,"caption":"Cours piano Senlis"},"image":{"@id":"https:\/\/cours-piano-senlis.com\/#\/schema\/logo\/image\/"}}]}},"_links":{"self":[{"href":"https:\/\/cours-piano-senlis.com\/index.php\/wp-json\/wp\/v2\/pages\/4436","targetHints":{"allow":["GET"]}}],"collection":[{"href":"https:\/\/cours-piano-senlis.com\/index.php\/wp-json\/wp\/v2\/pages"}],"about":[{"href":"https:\/\/cours-piano-senlis.com\/index.php\/wp-json\/wp\/v2\/types\/page"}],"author":[{"embeddable":true,"href":"https:\/\/cours-piano-senlis.com\/index.php\/wp-json\/wp\/v2\/users\/1"}],"replies":[{"embeddable":true,"href":"https:\/\/cours-piano-senlis.com\/index.php\/wp-json\/wp\/v2\/comments?post=4436"}],"version-history":[{"count":10,"href":"https:\/\/cours-piano-senlis.com\/index.php\/wp-json\/wp\/v2\/pages\/4436\/revisions"}],"predecessor-version":[{"id":4560,"href":"https:\/\/cours-piano-senlis.com\/index.php\/wp-json\/wp\/v2\/pages\/4436\/revisions\/4560"}],"wp:attachment":[{"href":"https:\/\/cours-piano-senlis.com\/index.php\/wp-json\/wp\/v2\/media?parent=4436"}],"curies":[{"name":"wp","href":"https:\/\/api.w.org\/{rel}","templated":true}]}}